{"id":1153,"date":"2024-11-30T10:06:01","date_gmt":"2024-11-30T10:06:01","guid":{"rendered":"https:\/\/bringflix.shop\/?post_type=product&#038;p=1153"},"modified":"2025-03-06T21:50:54","modified_gmt":"2025-03-06T20:50:54","slug":"grafschafter-roggen-vollkornbrot-500g","status":"publish","type":"product","link":"https:\/\/fastcomet.samrinmotors.com\/en\/Produkte\/grafschafter-roggen-vollkornbrot-500g\/","title":{"rendered":"Grafschafter Roggen Vollkornbrot 500g"},"content":{"rendered":"<h3>Bezeichnung:<\/h3>\n<p>Roggenvollkornbrot<\/p>\n<h3>Herkunft:<\/h3>\n<p>Deutschland<\/p>\n<h3>Konservierung und Lagerung:<\/h3>\n<p>Vor W\u00e4rme schutzen und trocken lagem.<\/p>\n<h3>Hersteller-\/Inverkehrbringer:<\/h3>\n<p>B\u00e4ckerl\u00e4nder GmbH, Robert-Bosch-Stra\u00dfe 5, D-65462 Ginsheim<\/p>\n<h3>Anwendungsempfehlung::<\/h3>\n<p>Tiefgefrohren l\u00e4nger haltbar. Vor dem EInfrieren in einen tiefk\u00fchlgeeigneten Be\u00e4lter verpacken.<\/p>","protected":false},"excerpt":{"rendered":"<h3>Zutaten:<\/h3>\n<p>Roggenvollkornschrot, Wasser, Natursauerteig (Wasser, Roggenvollkornschrot, Roggenmehl, Weizenmehl), Roggenvollkornmehl, Invertzuckersirup, Speisesalz, Roggenflocken, Hefe.<\/p>\n<h3>Allergene:<\/h3>\n<p>Kann Spuren von Sesam enthalten.<\/p>\n<h3>N\u00e4hrwerte (je 100 g):<\/h3>\n<table>\n<tbody>\n<tr>\n<td width=\"288\">Energie<\/td>\n<td width=\"288\">886 kJ\/210 kcal<\/td>\n<\/tr>\n<tr>\n<td width=\"288\">Fett<\/td>\n<td width=\"288\">1,8 g<\/td>\n<\/tr>\n<tr>\n<td width=\"288\">&#8211; davon ges\u00e4ttigte Fetts\u00e4uren<\/td>\n<td width=\"288\">0,3 g<\/td>\n<\/tr>\n<tr>\n<td width=\"288\">Kohlenhydrate<\/td>\n<td width=\"288\">38 g<\/td>\n<\/tr>\n<tr>\n<td width=\"288\">&#8211; davon Zucker<\/td>\n<td width=\"288\">3,9 g<\/td>\n<\/tr>\n<tr>\n<td width=\"288\">Ballaststoffe<\/td>\n<td width=\"288\">9,3 g<\/td>\n<\/tr>\n<tr>\n<td width=\"288\">Eiwei\u00df<\/td>\n<td width=\"288\">5,8 g<\/td>\n<\/tr>\n<tr>\n<td width=\"288\">Salz<\/td>\n<td width=\"288\">1,00 g<\/td>\n<\/tr>\n<\/tbody>\n<\/table>","protected":false},"featured_media":1154,"comment_status":"open","ping_status":"closed","template":"","meta":{"_acf_changed":false,"inline_featured_image":false,"site-sidebar-layout":"default","site-content-layout":"","ast-site-content-layout":"default","site-content-style":"default","site-sidebar-style":"default","ast-global-header-display":"","ast-banner-title-visibility":"","ast-main-header-display":"","ast-hfb-above-header-display":"","ast-hfb-below-header-display":"","ast-hfb-mobile-header-display":"","site-post-title":"","ast-breadcrumbs-content":"","ast-featured-img":"","footer-sml-layout":"","theme-transparent-header-meta":"default","adv-header-id-meta":"","stick-header-meta":"","header-above-stick-meta":"","header-main-stick-meta":"","header-below-stick-meta":"","astra-migrate-meta-layouts":"set","ast-page-background-enabled":"default","ast-page-background-meta":{"desktop":{"background-color":"var(--ast-global-color-4)","background-image":"","background-repeat":"repeat","background-position":"center center","background-size":"auto","background-attachment":"scroll","background-type":"","background-media":"","overlay-type":"","overlay-color":"","overlay-opacity":"","overlay-gradient":""},"tablet":{"background-color":"","background-image":"","background-repeat":"repeat","background-position":"center center","background-size":"auto","background-attachment":"scroll","background-type":"","background-media":"","overlay-type":"","overlay-color":"","overlay-opacity":"","overlay-gradient":""},"mobile":{"background-color":"","background-image":"","background-repeat":"repeat","background-position":"center center","background-size":"auto","background-attachment":"scroll","background-type":"","background-media":"","overlay-type":"","overlay-color":"","overlay-opacity":"","overlay-gradient":""}},"ast-content-background-meta":{"desktop":{"background-color":"var(--ast-global-color-5)","background-image":"","background-repeat":"repeat","background-position":"center center","background-size":"auto","background-attachment":"scroll","background-type":"","background-media":"","overlay-type":"","overlay-color":"","overlay-opacity":"","overlay-gradient":""},"tablet":{"background-color":"var(--ast-global-color-5)","background-image":"","background-repeat":"repeat","background-position":"center center","background-size":"auto","background-attachment":"scroll","background-type":"","background-media":"","overlay-type":"","overlay-color":"","overlay-opacity":"","overlay-gradient":""},"mobile":{"background-color":"var(--ast-global-color-5)","background-image":"","background-repeat":"repeat","background-position":"center center","background-size":"auto","background-attachment":"scroll","background-type":"","background-media":"","overlay-type":"","overlay-color":"","overlay-opacity":"","overlay-gradient":""}}},"product_brand":[],"product_cat":[33,30],"product_tag":[],"class_list":{"0":"post-1153","1":"product","2":"type-product","3":"status-publish","4":"has-post-thumbnail","6":"product_cat-brot-aufstriche-cerealien-co","7":"product_cat-trockensortiment","8":"desktop-align-left","9":"tablet-align-left","10":"mobile-align-left","12":"first","13":"instock","14":"taxable","15":"shipping-taxable","16":"purchasable","17":"product-type-simple"},"acf":[],"yoast_head":"<!-- This site is optimized with the Yoast SEO plugin v24.5 - https:\/\/yoast.com\/wordpress\/plugins\/seo\/ -->\n<title>Grafschafter Roggen Vollkornbrot 500g - BringFlix<\/title>\n<meta name=\"robots\" content=\"index, follow, max-snippet:-1, max-image-preview:large, max-video-preview:-1\" \/>\n<link rel=\"canonical\" href=\"https:\/\/fastcomet.samrinmotors.com\/en\/Produkte\/grafschafter-roggen-vollkornbrot-500g\/\" \/>\n<meta property=\"og:locale\" content=\"en_US\" \/>\n<meta property=\"og:type\" content=\"article\" \/>\n<meta property=\"og:title\" content=\"Grafschafter Roggen Vollkornbrot 500g - BringFlix\" \/>\n<meta property=\"og:description\" content=\"Zutaten: Roggenvollkornschrot, Wasser, Natursauerteig (Wasser, Roggenvollkornschrot, Roggenmehl, Weizenmehl), Roggenvollkornmehl, Invertzuckersirup, Speisesalz, Roggenflocken, Hefe. Allergene: Kann Spuren von Sesam enthalten. N\u00e4hrwerte (je 100 g):    Energie 886 kJ\/210 kcal   Fett 1,8 g   - davon ges\u00e4ttigte Fetts\u00e4uren 0,3 g   Kohlenhydrate 38 g   - davon Zucker 3,9 g   Ballaststoffe 9,3 g   Eiwei\u00df 5,8 g   Salz 1,00 g\" \/>\n<meta property=\"og:url\" content=\"https:\/\/fastcomet.samrinmotors.com\/en\/Produkte\/grafschafter-roggen-vollkornbrot-500g\/\" \/>\n<meta property=\"og:site_name\" content=\"BringFlix\" \/>\n<meta property=\"article:modified_time\" content=\"2025-03-06T20:50:54+00:00\" \/>\n<meta property=\"og:image\" content=\"https:\/\/fastcomet.samrinmotors.com\/wp-content\/uploads\/2024\/11\/41_copy_600x600.png\" \/>\n\t<meta property=\"og:image:width\" content=\"600\" \/>\n\t<meta property=\"og:image:height\" content=\"600\" \/>\n\t<meta property=\"og:image:type\" content=\"image\/png\" \/>\n<meta name=\"twitter:card\" content=\"summary_large_image\" \/>\n<script type=\"application\/ld+json\" class=\"yoast-schema-graph\">{\"@context\":\"https:\/\/schema.org\",\"@graph\":[{\"@type\":\"WebPage\",\"@id\":\"https:\/\/fastcomet.samrinmotors.com\/Produkte\/grafschafter-roggen-vollkornbrot-500g\/\",\"url\":\"https:\/\/fastcomet.samrinmotors.com\/Produkte\/grafschafter-roggen-vollkornbrot-500g\/\",\"name\":\"Grafschafter Roggen Vollkornbrot 500g - BringFlix\",\"isPartOf\":{\"@id\":\"https:\/\/fastcomet.samrinmotors.com\/#website\"},\"primaryImageOfPage\":{\"@id\":\"https:\/\/fastcomet.samrinmotors.com\/Produkte\/grafschafter-roggen-vollkornbrot-500g\/#primaryimage\"},\"image\":{\"@id\":\"https:\/\/fastcomet.samrinmotors.com\/Produkte\/grafschafter-roggen-vollkornbrot-500g\/#primaryimage\"},\"thumbnailUrl\":\"https:\/\/fastcomet.samrinmotors.com\/wp-content\/uploads\/2024\/11\/41_copy_600x600.png\",\"datePublished\":\"2024-11-30T10:06:01+00:00\",\"dateModified\":\"2025-03-06T20:50:54+00:00\",\"breadcrumb\":{\"@id\":\"https:\/\/fastcomet.samrinmotors.com\/Produkte\/grafschafter-roggen-vollkornbrot-500g\/#breadcrumb\"},\"inLanguage\":\"en-US\",\"potentialAction\":[{\"@type\":\"ReadAction\",\"target\":[\"https:\/\/fastcomet.samrinmotors.com\/Produkte\/grafschafter-roggen-vollkornbrot-500g\/\"]}]},{\"@type\":\"ImageObject\",\"inLanguage\":\"en-US\",\"@id\":\"https:\/\/fastcomet.samrinmotors.com\/Produkte\/grafschafter-roggen-vollkornbrot-500g\/#primaryimage\",\"url\":\"https:\/\/fastcomet.samrinmotors.com\/wp-content\/uploads\/2024\/11\/41_copy_600x600.png\",\"contentUrl\":\"https:\/\/fastcomet.samrinmotors.com\/wp-content\/uploads\/2024\/11\/41_copy_600x600.png\",\"width\":600,\"height\":600},{\"@type\":\"BreadcrumbList\",\"@id\":\"https:\/\/fastcomet.samrinmotors.com\/Produkte\/grafschafter-roggen-vollkornbrot-500g\/#breadcrumb\",\"itemListElement\":[{\"@type\":\"ListItem\",\"position\":1,\"name\":\"Home\",\"item\":\"https:\/\/fastcomet.samrinmotors.com\/\"},{\"@type\":\"ListItem\",\"position\":2,\"name\":\"Shop\",\"item\":\"https:\/\/fastcomet.samrinmotors.com\/shop\/\"},{\"@type\":\"ListItem\",\"position\":3,\"name\":\"Grafschafter Roggen Vollkornbrot 500g\"}]},{\"@type\":\"WebSite\",\"@id\":\"https:\/\/fastcomet.samrinmotors.com\/#website\",\"url\":\"https:\/\/fastcomet.samrinmotors.com\/\",\"name\":\"BringFlix\",\"description\":\"\",\"publisher\":{\"@id\":\"https:\/\/fastcomet.samrinmotors.com\/#organization\"},\"potentialAction\":[{\"@type\":\"SearchAction\",\"target\":{\"@type\":\"EntryPoint\",\"urlTemplate\":\"https:\/\/fastcomet.samrinmotors.com\/?s={search_term_string}\"},\"query-input\":{\"@type\":\"PropertyValueSpecification\",\"valueRequired\":true,\"valueName\":\"search_term_string\"}}],\"inLanguage\":\"en-US\"},{\"@type\":\"Organization\",\"@id\":\"https:\/\/fastcomet.samrinmotors.com\/#organization\",\"name\":\"BringFlix\",\"url\":\"https:\/\/fastcomet.samrinmotors.com\/\",\"logo\":{\"@type\":\"ImageObject\",\"inLanguage\":\"en-US\",\"@id\":\"https:\/\/fastcomet.samrinmotors.com\/#\/schema\/logo\/image\/\",\"url\":\"https:\/\/fastcomet.samrinmotors.com\/wp-content\/uploads\/2024\/11\/logo-bring-flix.png\",\"contentUrl\":\"https:\/\/fastcomet.samrinmotors.com\/wp-content\/uploads\/2024\/11\/logo-bring-flix.png\",\"width\":858,\"height\":316,\"caption\":\"BringFlix\"},\"image\":{\"@id\":\"https:\/\/fastcomet.samrinmotors.com\/#\/schema\/logo\/image\/\"}}]}<\/script>\n<!-- \/ Yoast SEO plugin. -->","yoast_head_json":{"title":"Grafschafter Roggen Vollkornbrot 500g - BringFlix","robots":{"index":"index","follow":"follow","max-snippet":"max-snippet:-1","max-image-preview":"max-image-preview:large","max-video-preview":"max-video-preview:-1"},"canonical":"https:\/\/fastcomet.samrinmotors.com\/en\/Produkte\/grafschafter-roggen-vollkornbrot-500g\/","og_locale":"en_US","og_type":"article","og_title":"Grafschafter Roggen Vollkornbrot 500g - BringFlix","og_description":"Zutaten: Roggenvollkornschrot, Wasser, Natursauerteig (Wasser, Roggenvollkornschrot, Roggenmehl, Weizenmehl), Roggenvollkornmehl, Invertzuckersirup, Speisesalz, Roggenflocken, Hefe. Allergene: Kann Spuren von Sesam enthalten. N\u00e4hrwerte (je 100 g):    Energie 886 kJ\/210 kcal   Fett 1,8 g   - davon ges\u00e4ttigte Fetts\u00e4uren 0,3 g   Kohlenhydrate 38 g   - davon Zucker 3,9 g   Ballaststoffe 9,3 g   Eiwei\u00df 5,8 g   Salz 1,00 g","og_url":"https:\/\/fastcomet.samrinmotors.com\/en\/Produkte\/grafschafter-roggen-vollkornbrot-500g\/","og_site_name":"BringFlix","article_modified_time":"2025-03-06T20:50:54+00:00","og_image":[{"width":600,"height":600,"url":"https:\/\/fastcomet.samrinmotors.com\/wp-content\/uploads\/2024\/11\/41_copy_600x600.png","type":"image\/png"}],"twitter_card":"summary_large_image","schema":{"@context":"https:\/\/schema.org","@graph":[{"@type":"WebPage","@id":"https:\/\/fastcomet.samrinmotors.com\/Produkte\/grafschafter-roggen-vollkornbrot-500g\/","url":"https:\/\/fastcomet.samrinmotors.com\/Produkte\/grafschafter-roggen-vollkornbrot-500g\/","name":"Grafschafter Roggen Vollkornbrot 500g - BringFlix","isPartOf":{"@id":"https:\/\/fastcomet.samrinmotors.com\/#website"},"primaryImageOfPage":{"@id":"https:\/\/fastcomet.samrinmotors.com\/Produkte\/grafschafter-roggen-vollkornbrot-500g\/#primaryimage"},"image":{"@id":"https:\/\/fastcomet.samrinmotors.com\/Produkte\/grafschafter-roggen-vollkornbrot-500g\/#primaryimage"},"thumbnailUrl":"https:\/\/fastcomet.samrinmotors.com\/wp-content\/uploads\/2024\/11\/41_copy_600x600.png","datePublished":"2024-11-30T10:06:01+00:00","dateModified":"2025-03-06T20:50:54+00:00","breadcrumb":{"@id":"https:\/\/fastcomet.samrinmotors.com\/Produkte\/grafschafter-roggen-vollkornbrot-500g\/#breadcrumb"},"inLanguage":"en-US","potentialAction":[{"@type":"ReadAction","target":["https:\/\/fastcomet.samrinmotors.com\/Produkte\/grafschafter-roggen-vollkornbrot-500g\/"]}]},{"@type":"ImageObject","inLanguage":"en-US","@id":"https:\/\/fastcomet.samrinmotors.com\/Produkte\/grafschafter-roggen-vollkornbrot-500g\/#primaryimage","url":"https:\/\/fastcomet.samrinmotors.com\/wp-content\/uploads\/2024\/11\/41_copy_600x600.png","contentUrl":"https:\/\/fastcomet.samrinmotors.com\/wp-content\/uploads\/2024\/11\/41_copy_600x600.png","width":600,"height":600},{"@type":"BreadcrumbList","@id":"https:\/\/fastcomet.samrinmotors.com\/Produkte\/grafschafter-roggen-vollkornbrot-500g\/#breadcrumb","itemListElement":[{"@type":"ListItem","position":1,"name":"Home","item":"https:\/\/fastcomet.samrinmotors.com\/"},{"@type":"ListItem","position":2,"name":"Shop","item":"https:\/\/fastcomet.samrinmotors.com\/shop\/"},{"@type":"ListItem","position":3,"name":"Grafschafter Roggen Vollkornbrot 500g"}]},{"@type":"WebSite","@id":"https:\/\/fastcomet.samrinmotors.com\/#website","url":"https:\/\/fastcomet.samrinmotors.com\/","name":"BringFlix","description":"","publisher":{"@id":"https:\/\/fastcomet.samrinmotors.com\/#organization"},"potentialAction":[{"@type":"SearchAction","target":{"@type":"EntryPoint","urlTemplate":"https:\/\/fastcomet.samrinmotors.com\/?s={search_term_string}"},"query-input":{"@type":"PropertyValueSpecification","valueRequired":true,"valueName":"search_term_string"}}],"inLanguage":"en-US"},{"@type":"Organization","@id":"https:\/\/fastcomet.samrinmotors.com\/#organization","name":"BringFlix","url":"https:\/\/fastcomet.samrinmotors.com\/","logo":{"@type":"ImageObject","inLanguage":"en-US","@id":"https:\/\/fastcomet.samrinmotors.com\/#\/schema\/logo\/image\/","url":"https:\/\/fastcomet.samrinmotors.com\/wp-content\/uploads\/2024\/11\/logo-bring-flix.png","contentUrl":"https:\/\/fastcomet.samrinmotors.com\/wp-content\/uploads\/2024\/11\/logo-bring-flix.png","width":858,"height":316,"caption":"BringFlix"},"image":{"@id":"https:\/\/fastcomet.samrinmotors.com\/#\/schema\/logo\/image\/"}}]}},"_links":{"self":[{"href":"https:\/\/fastcomet.samrinmotors.com\/en\/wp-json\/wp\/v2\/product\/1153","targetHints":{"allow":["GET"]}}],"collection":[{"href":"https:\/\/fastcomet.samrinmotors.com\/en\/wp-json\/wp\/v2\/product"}],"about":[{"href":"https:\/\/fastcomet.samrinmotors.com\/en\/wp-json\/wp\/v2\/types\/product"}],"replies":[{"embeddable":true,"href":"https:\/\/fastcomet.samrinmotors.com\/en\/wp-json\/wp\/v2\/comments?post=1153"}],"wp:featuredmedia":[{"embeddable":true,"href":"https:\/\/fastcomet.samrinmotors.com\/en\/wp-json\/wp\/v2\/media\/1154"}],"wp:attachment":[{"href":"https:\/\/fastcomet.samrinmotors.com\/en\/wp-json\/wp\/v2\/media?parent=1153"}],"wp:term":[{"taxonomy":"product_brand","embeddable":true,"href":"https:\/\/fastcomet.samrinmotors.com\/en\/wp-json\/wp\/v2\/product_brand?post=1153"},{"taxonomy":"product_cat","embeddable":true,"href":"https:\/\/fastcomet.samrinmotors.com\/en\/wp-json\/wp\/v2\/product_cat?post=1153"},{"taxonomy":"product_tag","embeddable":true,"href":"https:\/\/fastcomet.samrinmotors.com\/en\/wp-json\/wp\/v2\/product_tag?post=1153"}],"curies":[{"name":"wp","href":"https:\/\/api.w.org\/{rel}","templated":true}]}}