{"id":4849,"date":"2025-01-21T17:37:02","date_gmt":"2025-01-21T17:37:02","guid":{"rendered":"https:\/\/bringflix.shop\/?post_type=product&#038;p=4849"},"modified":"2025-03-06T17:15:19","modified_gmt":"2025-03-06T16:15:19","slug":"nivea-men-deo-fresh-active-150ml","status":"publish","type":"product","link":"https:\/\/fastcomet.samrinmotors.com\/en\/Produkte\/nivea-men-deo-fresh-active-150ml\/","title":{"rendered":"Nivea Men Deo Fresh Active 150ml"},"content":{"rendered":"<h3>Produktbeschreibung:<\/h3>\n<p>&#8211; 0% Aluminium (ACH)<br \/>\n&#8211; 48 Stunden effektiver Deo-Schutz<br \/>\n&#8211; Ohne Farb- und Konservierungsstoffe<br \/>\n&#8211; Hautvertr\u00e4glichkeit dermatologisch best\u00e4tigt<br \/>\nDas NIVEA MEN Fresh Active Spray bietet 48 Stunden lang einen effektiven und zuverl\u00e4ssigen Deo-Schutz vor Schwei\u00df und K\u00f6rpergeruch, ganz ohne Aluminium (ACH). Die einzigartige INFINIFRESH Formel sorgt f\u00fcr langanhaltende Frische und enth\u00e4lt den bew\u00e4hrten NIVEA MEN Pflege-Komplex mit hocheffektiven, anti-bakteriellen Wirkstoffen und verspricht damit die optimale Kombination aus Frische, NIVEA\u00ae-Pflege und wirksamem Schutz. Die Hautvertr\u00e4glichkeit ist dermatologisch best\u00e4tigt. F\u00fcr M\u00e4nner, die langanhaltende Frische erwarten: NIVEA MEN Fresh Active Deo Spray.<\/p>\n<h3>Herkunft:<\/h3>\n<p>Deutschland<\/p>\n<h3>Gefahren- \/ Warnhinweise:<\/h3>\n<p>Gefahr: Extrem entz\u00fcndbares Aerosol. Beh\u00e4lter steht unter Druck: Kann bei Erw\u00e4rmung bersten. Darf nicht in die H\u00e4nde von Kindern gelangen. Von Hitze, hei\u00dfen Oberfl\u00e4chen, Funken, offenen Flammen und anderen Z\u00fcndquellen fernhalten. Nicht rauchen. Nicht gegen offene Flamme oder andere Z\u00fcndquelle spr\u00fchen. Nicht durchstechen oder verbrennen, auch nicht nach Gebrauch. Vor Sonnenbestrahlung sch\u00fctzen. Nicht Temperaturen \u00fcber 50 \u00b0C\/122 \u00b0F aussetzen. Darf nicht in die H\u00e4nde von Kindern gelangen. Nur entleerte Dosen in die Wertstoffsammlung geben. Nicht in die Augen spr\u00fchen<\/p>\n<h3>Hersteller:<\/h3>\n<p>Beiersdorf AG, Beiersdorfstra\u00dfe 1-9, 20245 Hamburg<\/p>\n<h3>Hinweise:<\/h3>\n<p>Ohne Aluminiumsalze.<br \/>\nDarf nicht in die H\u00e4nde von Kindern gelangen. Nur entleerte Dosen in die Wertstoffsammlung geben. Nicht in die Augen spr\u00fchen.<\/p>","protected":false},"excerpt":{"rendered":"<h3>Inhaltsstoffe:<\/h3>\n<p>Butane, Alcohol Denat., Isobutane, Propane, Parfum, Octenidine HCl, Ethylhexylglycerin, Maris Limus Extract, Ostrea Shell Extract, Octyldodecanol, Persea Gratissima Oil, Aqua, Propylene Glycol, Sodium Benzoate, Potassium Sorbate, Lactic Acid, Limonene, Linalool, Geraniol, Citronellol, Eugenol, Alpha-Isomethyl Ionone, Citral<\/p>\n<p>&nbsp;<\/p>","protected":false},"featured_media":5004,"comment_status":"open","ping_status":"closed","template":"","meta":{"_acf_changed":false,"inline_featured_image":false,"site-sidebar-layout":"default","site-content-layout":"","ast-site-content-layout":"default","site-content-style":"default","site-sidebar-style":"default","ast-global-header-display":"","ast-banner-title-visibility":"","ast-main-header-display":"","ast-hfb-above-header-display":"","ast-hfb-below-header-display":"","ast-hfb-mobile-header-display":"","site-post-title":"","ast-breadcrumbs-content":"","ast-featured-img":"","footer-sml-layout":"","theme-transparent-header-meta":"default","adv-header-id-meta":"","stick-header-meta":"","header-above-stick-meta":"","header-main-stick-meta":"","header-below-stick-meta":"","astra-migrate-meta-layouts":"set","ast-page-background-enabled":"default","ast-page-background-meta":{"desktop":{"background-color":"var(--ast-global-color-4)","background-image":"","background-repeat":"repeat","background-position":"center center","background-size":"auto","background-attachment":"scroll","background-type":"","background-media":"","overlay-type":"","overlay-color":"","overlay-opacity":"","overlay-gradient":""},"tablet":{"background-color":"","background-image":"","background-repeat":"repeat","background-position":"center center","background-size":"auto","background-attachment":"scroll","background-type":"","background-media":"","overlay-type":"","overlay-color":"","overlay-opacity":"","overlay-gradient":""},"mobile":{"background-color":"","background-image":"","background-repeat":"repeat","background-position":"center center","background-size":"auto","background-attachment":"scroll","background-type":"","background-media":"","overlay-type":"","overlay-color":"","overlay-opacity":"","overlay-gradient":""}},"ast-content-background-meta":{"desktop":{"background-color":"var(--ast-global-color-5)","background-image":"","background-repeat":"repeat","background-position":"center center","background-size":"auto","background-attachment":"scroll","background-type":"","background-media":"","overlay-type":"","overlay-color":"","overlay-opacity":"","overlay-gradient":""},"tablet":{"background-color":"var(--ast-global-color-5)","background-image":"","background-repeat":"repeat","background-position":"center center","background-size":"auto","background-attachment":"scroll","background-type":"","background-media":"","overlay-type":"","overlay-color":"","overlay-opacity":"","overlay-gradient":""},"mobile":{"background-color":"var(--ast-global-color-5)","background-image":"","background-repeat":"repeat","background-position":"center center","background-size":"auto","background-attachment":"scroll","background-type":"","background-media":"","overlay-type":"","overlay-color":"","overlay-opacity":"","overlay-gradient":""}}},"product_brand":[],"product_cat":[75],"product_tag":[],"class_list":{"0":"post-4849","1":"product","2":"type-product","3":"status-publish","4":"has-post-thumbnail","6":"product_cat-drogerie-haushaltsartikel","7":"desktop-align-left","8":"tablet-align-left","9":"mobile-align-left","11":"first","12":"instock","13":"taxable","14":"shipping-taxable","15":"purchasable","16":"product-type-simple"},"acf":[],"yoast_head":"<!-- This site is optimized with the Yoast SEO plugin v24.5 - https:\/\/yoast.com\/wordpress\/plugins\/seo\/ -->\n<title>Nivea Men Deo Fresh Active 150ml - BringFlix<\/title>\n<meta name=\"robots\" content=\"index, follow, max-snippet:-1, max-image-preview:large, max-video-preview:-1\" \/>\n<link rel=\"canonical\" href=\"https:\/\/fastcomet.samrinmotors.com\/en\/Produkte\/nivea-men-deo-fresh-active-150ml\/\" \/>\n<meta property=\"og:locale\" content=\"en_US\" \/>\n<meta property=\"og:type\" content=\"article\" \/>\n<meta property=\"og:title\" content=\"Nivea Men Deo Fresh Active 150ml - BringFlix\" \/>\n<meta property=\"og:description\" content=\"Inhaltsstoffe: Butane, Alcohol Denat., Isobutane, Propane, Parfum, Octenidine HCl, Ethylhexylglycerin, Maris Limus Extract, Ostrea Shell Extract, Octyldodecanol, Persea Gratissima Oil, Aqua, Propylene Glycol, Sodium Benzoate, Potassium Sorbate, Lactic Acid, Limonene, Linalool, Geraniol, Citronellol, Eugenol, Alpha-Isomethyl Ionone, Citral  &nbsp;\" \/>\n<meta property=\"og:url\" content=\"https:\/\/fastcomet.samrinmotors.com\/en\/Produkte\/nivea-men-deo-fresh-active-150ml\/\" \/>\n<meta property=\"og:site_name\" content=\"BringFlix\" \/>\n<meta property=\"article:modified_time\" content=\"2025-03-06T16:15:19+00:00\" \/>\n<meta property=\"og:image\" content=\"https:\/\/fastcomet.samrinmotors.com\/wp-content\/uploads\/2025\/01\/344.png\" \/>\n\t<meta property=\"og:image:width\" content=\"600\" \/>\n\t<meta property=\"og:image:height\" content=\"600\" \/>\n\t<meta property=\"og:image:type\" content=\"image\/png\" \/>\n<meta name=\"twitter:card\" content=\"summary_large_image\" \/>\n<meta name=\"twitter:label1\" content=\"Est. reading time\" \/>\n\t<meta name=\"twitter:data1\" content=\"2 minutes\" \/>\n<script type=\"application\/ld+json\" class=\"yoast-schema-graph\">{\"@context\":\"https:\/\/schema.org\",\"@graph\":[{\"@type\":\"WebPage\",\"@id\":\"https:\/\/fastcomet.samrinmotors.com\/Produkte\/nivea-men-deo-fresh-active-150ml\/\",\"url\":\"https:\/\/fastcomet.samrinmotors.com\/Produkte\/nivea-men-deo-fresh-active-150ml\/\",\"name\":\"Nivea Men Deo Fresh Active 150ml - BringFlix\",\"isPartOf\":{\"@id\":\"https:\/\/fastcomet.samrinmotors.com\/#website\"},\"primaryImageOfPage\":{\"@id\":\"https:\/\/fastcomet.samrinmotors.com\/Produkte\/nivea-men-deo-fresh-active-150ml\/#primaryimage\"},\"image\":{\"@id\":\"https:\/\/fastcomet.samrinmotors.com\/Produkte\/nivea-men-deo-fresh-active-150ml\/#primaryimage\"},\"thumbnailUrl\":\"https:\/\/fastcomet.samrinmotors.com\/wp-content\/uploads\/2025\/01\/344.png\",\"datePublished\":\"2025-01-21T17:37:02+00:00\",\"dateModified\":\"2025-03-06T16:15:19+00:00\",\"breadcrumb\":{\"@id\":\"https:\/\/fastcomet.samrinmotors.com\/Produkte\/nivea-men-deo-fresh-active-150ml\/#breadcrumb\"},\"inLanguage\":\"en-US\",\"potentialAction\":[{\"@type\":\"ReadAction\",\"target\":[\"https:\/\/fastcomet.samrinmotors.com\/Produkte\/nivea-men-deo-fresh-active-150ml\/\"]}]},{\"@type\":\"ImageObject\",\"inLanguage\":\"en-US\",\"@id\":\"https:\/\/fastcomet.samrinmotors.com\/Produkte\/nivea-men-deo-fresh-active-150ml\/#primaryimage\",\"url\":\"https:\/\/fastcomet.samrinmotors.com\/wp-content\/uploads\/2025\/01\/344.png\",\"contentUrl\":\"https:\/\/fastcomet.samrinmotors.com\/wp-content\/uploads\/2025\/01\/344.png\",\"width\":600,\"height\":600},{\"@type\":\"BreadcrumbList\",\"@id\":\"https:\/\/fastcomet.samrinmotors.com\/Produkte\/nivea-men-deo-fresh-active-150ml\/#breadcrumb\",\"itemListElement\":[{\"@type\":\"ListItem\",\"position\":1,\"name\":\"Home\",\"item\":\"https:\/\/fastcomet.samrinmotors.com\/\"},{\"@type\":\"ListItem\",\"position\":2,\"name\":\"Shop\",\"item\":\"https:\/\/fastcomet.samrinmotors.com\/shop\/\"},{\"@type\":\"ListItem\",\"position\":3,\"name\":\"Nivea Men Deo Fresh Active 150ml\"}]},{\"@type\":\"WebSite\",\"@id\":\"https:\/\/fastcomet.samrinmotors.com\/#website\",\"url\":\"https:\/\/fastcomet.samrinmotors.com\/\",\"name\":\"BringFlix\",\"description\":\"\",\"publisher\":{\"@id\":\"https:\/\/fastcomet.samrinmotors.com\/#organization\"},\"potentialAction\":[{\"@type\":\"SearchAction\",\"target\":{\"@type\":\"EntryPoint\",\"urlTemplate\":\"https:\/\/fastcomet.samrinmotors.com\/?s={search_term_string}\"},\"query-input\":{\"@type\":\"PropertyValueSpecification\",\"valueRequired\":true,\"valueName\":\"search_term_string\"}}],\"inLanguage\":\"en-US\"},{\"@type\":\"Organization\",\"@id\":\"https:\/\/fastcomet.samrinmotors.com\/#organization\",\"name\":\"BringFlix\",\"url\":\"https:\/\/fastcomet.samrinmotors.com\/\",\"logo\":{\"@type\":\"ImageObject\",\"inLanguage\":\"en-US\",\"@id\":\"https:\/\/fastcomet.samrinmotors.com\/#\/schema\/logo\/image\/\",\"url\":\"https:\/\/fastcomet.samrinmotors.com\/wp-content\/uploads\/2024\/11\/logo-bring-flix.png\",\"contentUrl\":\"https:\/\/fastcomet.samrinmotors.com\/wp-content\/uploads\/2024\/11\/logo-bring-flix.png\",\"width\":858,\"height\":316,\"caption\":\"BringFlix\"},\"image\":{\"@id\":\"https:\/\/fastcomet.samrinmotors.com\/#\/schema\/logo\/image\/\"}}]}<\/script>\n<!-- \/ Yoast SEO plugin. -->","yoast_head_json":{"title":"Nivea Men Deo Fresh Active 150ml - BringFlix","robots":{"index":"index","follow":"follow","max-snippet":"max-snippet:-1","max-image-preview":"max-image-preview:large","max-video-preview":"max-video-preview:-1"},"canonical":"https:\/\/fastcomet.samrinmotors.com\/en\/Produkte\/nivea-men-deo-fresh-active-150ml\/","og_locale":"en_US","og_type":"article","og_title":"Nivea Men Deo Fresh Active 150ml - BringFlix","og_description":"Inhaltsstoffe: Butane, Alcohol Denat., Isobutane, Propane, Parfum, Octenidine HCl, Ethylhexylglycerin, Maris Limus Extract, Ostrea Shell Extract, Octyldodecanol, Persea Gratissima Oil, Aqua, Propylene Glycol, Sodium Benzoate, Potassium Sorbate, Lactic Acid, Limonene, Linalool, Geraniol, Citronellol, Eugenol, Alpha-Isomethyl Ionone, Citral  &nbsp;","og_url":"https:\/\/fastcomet.samrinmotors.com\/en\/Produkte\/nivea-men-deo-fresh-active-150ml\/","og_site_name":"BringFlix","article_modified_time":"2025-03-06T16:15:19+00:00","og_image":[{"width":600,"height":600,"url":"https:\/\/fastcomet.samrinmotors.com\/wp-content\/uploads\/2025\/01\/344.png","type":"image\/png"}],"twitter_card":"summary_large_image","twitter_misc":{"Est. reading time":"2 minutes"},"schema":{"@context":"https:\/\/schema.org","@graph":[{"@type":"WebPage","@id":"https:\/\/fastcomet.samrinmotors.com\/Produkte\/nivea-men-deo-fresh-active-150ml\/","url":"https:\/\/fastcomet.samrinmotors.com\/Produkte\/nivea-men-deo-fresh-active-150ml\/","name":"Nivea Men Deo Fresh Active 150ml - BringFlix","isPartOf":{"@id":"https:\/\/fastcomet.samrinmotors.com\/#website"},"primaryImageOfPage":{"@id":"https:\/\/fastcomet.samrinmotors.com\/Produkte\/nivea-men-deo-fresh-active-150ml\/#primaryimage"},"image":{"@id":"https:\/\/fastcomet.samrinmotors.com\/Produkte\/nivea-men-deo-fresh-active-150ml\/#primaryimage"},"thumbnailUrl":"https:\/\/fastcomet.samrinmotors.com\/wp-content\/uploads\/2025\/01\/344.png","datePublished":"2025-01-21T17:37:02+00:00","dateModified":"2025-03-06T16:15:19+00:00","breadcrumb":{"@id":"https:\/\/fastcomet.samrinmotors.com\/Produkte\/nivea-men-deo-fresh-active-150ml\/#breadcrumb"},"inLanguage":"en-US","potentialAction":[{"@type":"ReadAction","target":["https:\/\/fastcomet.samrinmotors.com\/Produkte\/nivea-men-deo-fresh-active-150ml\/"]}]},{"@type":"ImageObject","inLanguage":"en-US","@id":"https:\/\/fastcomet.samrinmotors.com\/Produkte\/nivea-men-deo-fresh-active-150ml\/#primaryimage","url":"https:\/\/fastcomet.samrinmotors.com\/wp-content\/uploads\/2025\/01\/344.png","contentUrl":"https:\/\/fastcomet.samrinmotors.com\/wp-content\/uploads\/2025\/01\/344.png","width":600,"height":600},{"@type":"BreadcrumbList","@id":"https:\/\/fastcomet.samrinmotors.com\/Produkte\/nivea-men-deo-fresh-active-150ml\/#breadcrumb","itemListElement":[{"@type":"ListItem","position":1,"name":"Home","item":"https:\/\/fastcomet.samrinmotors.com\/"},{"@type":"ListItem","position":2,"name":"Shop","item":"https:\/\/fastcomet.samrinmotors.com\/shop\/"},{"@type":"ListItem","position":3,"name":"Nivea Men Deo Fresh Active 150ml"}]},{"@type":"WebSite","@id":"https:\/\/fastcomet.samrinmotors.com\/#website","url":"https:\/\/fastcomet.samrinmotors.com\/","name":"BringFlix","description":"","publisher":{"@id":"https:\/\/fastcomet.samrinmotors.com\/#organization"},"potentialAction":[{"@type":"SearchAction","target":{"@type":"EntryPoint","urlTemplate":"https:\/\/fastcomet.samrinmotors.com\/?s={search_term_string}"},"query-input":{"@type":"PropertyValueSpecification","valueRequired":true,"valueName":"search_term_string"}}],"inLanguage":"en-US"},{"@type":"Organization","@id":"https:\/\/fastcomet.samrinmotors.com\/#organization","name":"BringFlix","url":"https:\/\/fastcomet.samrinmotors.com\/","logo":{"@type":"ImageObject","inLanguage":"en-US","@id":"https:\/\/fastcomet.samrinmotors.com\/#\/schema\/logo\/image\/","url":"https:\/\/fastcomet.samrinmotors.com\/wp-content\/uploads\/2024\/11\/logo-bring-flix.png","contentUrl":"https:\/\/fastcomet.samrinmotors.com\/wp-content\/uploads\/2024\/11\/logo-bring-flix.png","width":858,"height":316,"caption":"BringFlix"},"image":{"@id":"https:\/\/fastcomet.samrinmotors.com\/#\/schema\/logo\/image\/"}}]}},"_links":{"self":[{"href":"https:\/\/fastcomet.samrinmotors.com\/en\/wp-json\/wp\/v2\/product\/4849","targetHints":{"allow":["GET"]}}],"collection":[{"href":"https:\/\/fastcomet.samrinmotors.com\/en\/wp-json\/wp\/v2\/product"}],"about":[{"href":"https:\/\/fastcomet.samrinmotors.com\/en\/wp-json\/wp\/v2\/types\/product"}],"replies":[{"embeddable":true,"href":"https:\/\/fastcomet.samrinmotors.com\/en\/wp-json\/wp\/v2\/comments?post=4849"}],"wp:featuredmedia":[{"embeddable":true,"href":"https:\/\/fastcomet.samrinmotors.com\/en\/wp-json\/wp\/v2\/media\/5004"}],"wp:attachment":[{"href":"https:\/\/fastcomet.samrinmotors.com\/en\/wp-json\/wp\/v2\/media?parent=4849"}],"wp:term":[{"taxonomy":"product_brand","embeddable":true,"href":"https:\/\/fastcomet.samrinmotors.com\/en\/wp-json\/wp\/v2\/product_brand?post=4849"},{"taxonomy":"product_cat","embeddable":true,"href":"https:\/\/fastcomet.samrinmotors.com\/en\/wp-json\/wp\/v2\/product_cat?post=4849"},{"taxonomy":"product_tag","embeddable":true,"href":"https:\/\/fastcomet.samrinmotors.com\/en\/wp-json\/wp\/v2\/product_tag?post=4849"}],"curies":[{"name":"wp","href":"https:\/\/api.w.org\/{rel}","templated":true}]}}