{"id":4858,"date":"2025-01-21T17:56:40","date_gmt":"2025-01-21T17:56:40","guid":{"rendered":"https:\/\/bringflix.shop\/?post_type=product&#038;p=4858"},"modified":"2025-03-06T19:29:15","modified_gmt":"2025-03-06T18:29:15","slug":"balea-cremeseife-sensitive-500ml","status":"publish","type":"product","link":"https:\/\/fastcomet.samrinmotors.com\/en\/Produkte\/balea-cremeseife-sensitive-500ml\/","title":{"rendered":"Balea Cremeseife Sensitive 500ml"},"content":{"rendered":"<h3>Produktbeschreibung:<\/h3>\n<p>Sanft-pflegender Duft<br \/>\n&#8211; bewahrt die nat\u00fcrliche Feuchtigkeitsbalance der Haut, Die Moisture Care Formel hilft, vor dem Austrocknen zu sch\u00fctzen. Rezeptur ohne Mikroplastik und wasserl\u00f6sliche rein synthetische Polymere. -Vegan-<\/p>\n<h3>Herkunft:<\/h3>\n<p>Deutschland<\/p>\n<h3>Hersteller:<\/h3>\n<p>dm-drogerie markt GmbH + Co. KG, Am dm-Platz 1, 76227 Karlsruhe<\/p>\n<h3>Hinweise:<\/h3>\n<p>H\u00e4nde anfeuchten und die Balea Cremeseife Sensitive auftragen. Die H\u00e4nde mindestens 30 Sekunden lang einseifen. Anschlie\u00dfend gut mit Wasser absp\u00fclen und abtrocknen<\/p>","protected":false},"excerpt":{"rendered":"<h3>Inhaltsstoffe:<\/h3>\n<p>AQUA, ALOE BARBADENSIS LEAF JUICE, SODIUM LAURETH SULFATE, COCAMIDOPROPYL BETAINE, SODIUM CHLORIDE, SODIUM BENZOATE, GLYCERIN, CITRIC ACID, PARFUM, COCO-GLUCOSIDE, GLYCERYL OLEATE, GLYCOL DISTEARATE, SODIUM LACTATE, SODIUM HYDROXIDE, BETAINE, POTASSIUM SORBATE, TOCOPHEROL, HYDROGENATED VEGETABLE GLYCERIDES CITRATE, LECITHIN, ASCORBYL PALMITATE.<\/p>\n<p>&nbsp;<\/p>","protected":false},"featured_media":5014,"comment_status":"open","ping_status":"closed","template":"","meta":{"_acf_changed":false,"inline_featured_image":false,"site-sidebar-layout":"default","site-content-layout":"","ast-site-content-layout":"default","site-content-style":"default","site-sidebar-style":"default","ast-global-header-display":"","ast-banner-title-visibility":"","ast-main-header-display":"","ast-hfb-above-header-display":"","ast-hfb-below-header-display":"","ast-hfb-mobile-header-display":"","site-post-title":"","ast-breadcrumbs-content":"","ast-featured-img":"","footer-sml-layout":"","theme-transparent-header-meta":"default","adv-header-id-meta":"","stick-header-meta":"","header-above-stick-meta":"","header-main-stick-meta":"","header-below-stick-meta":"","astra-migrate-meta-layouts":"set","ast-page-background-enabled":"default","ast-page-background-meta":{"desktop":{"background-color":"var(--ast-global-color-4)","background-image":"","background-repeat":"repeat","background-position":"center center","background-size":"auto","background-attachment":"scroll","background-type":"","background-media":"","overlay-type":"","overlay-color":"","overlay-opacity":"","overlay-gradient":""},"tablet":{"background-color":"","background-image":"","background-repeat":"repeat","background-position":"center center","background-size":"auto","background-attachment":"scroll","background-type":"","background-media":"","overlay-type":"","overlay-color":"","overlay-opacity":"","overlay-gradient":""},"mobile":{"background-color":"","background-image":"","background-repeat":"repeat","background-position":"center center","background-size":"auto","background-attachment":"scroll","background-type":"","background-media":"","overlay-type":"","overlay-color":"","overlay-opacity":"","overlay-gradient":""}},"ast-content-background-meta":{"desktop":{"background-color":"var(--ast-global-color-5)","background-image":"","background-repeat":"repeat","background-position":"center center","background-size":"auto","background-attachment":"scroll","background-type":"","background-media":"","overlay-type":"","overlay-color":"","overlay-opacity":"","overlay-gradient":""},"tablet":{"background-color":"var(--ast-global-color-5)","background-image":"","background-repeat":"repeat","background-position":"center center","background-size":"auto","background-attachment":"scroll","background-type":"","background-media":"","overlay-type":"","overlay-color":"","overlay-opacity":"","overlay-gradient":""},"mobile":{"background-color":"var(--ast-global-color-5)","background-image":"","background-repeat":"repeat","background-position":"center center","background-size":"auto","background-attachment":"scroll","background-type":"","background-media":"","overlay-type":"","overlay-color":"","overlay-opacity":"","overlay-gradient":""}}},"product_brand":[],"product_cat":[75],"product_tag":[],"class_list":{"0":"post-4858","1":"product","2":"type-product","3":"status-publish","4":"has-post-thumbnail","6":"product_cat-drogerie-haushaltsartikel","7":"desktop-align-left","8":"tablet-align-left","9":"mobile-align-left","11":"first","12":"instock","13":"taxable","14":"shipping-taxable","15":"purchasable","16":"product-type-simple"},"acf":[],"yoast_head":"<!-- This site is optimized with the Yoast SEO plugin v24.5 - https:\/\/yoast.com\/wordpress\/plugins\/seo\/ -->\n<title>Balea Cremeseife Sensitive 500ml - BringFlix<\/title>\n<meta name=\"robots\" content=\"index, follow, max-snippet:-1, max-image-preview:large, max-video-preview:-1\" \/>\n<link rel=\"canonical\" href=\"https:\/\/fastcomet.samrinmotors.com\/en\/Produkte\/balea-cremeseife-sensitive-500ml\/\" \/>\n<meta property=\"og:locale\" content=\"en_US\" \/>\n<meta property=\"og:type\" content=\"article\" \/>\n<meta property=\"og:title\" content=\"Balea Cremeseife Sensitive 500ml - BringFlix\" \/>\n<meta property=\"og:description\" content=\"Inhaltsstoffe: AQUA, ALOE BARBADENSIS LEAF JUICE, SODIUM LAURETH SULFATE, COCAMIDOPROPYL BETAINE, SODIUM CHLORIDE, SODIUM BENZOATE, GLYCERIN, CITRIC ACID, PARFUM, COCO-GLUCOSIDE, GLYCERYL OLEATE, GLYCOL DISTEARATE, SODIUM LACTATE, SODIUM HYDROXIDE, BETAINE, POTASSIUM SORBATE, TOCOPHEROL, HYDROGENATED VEGETABLE GLYCERIDES CITRATE, LECITHIN, ASCORBYL PALMITATE.  &nbsp;\" \/>\n<meta property=\"og:url\" content=\"https:\/\/fastcomet.samrinmotors.com\/en\/Produkte\/balea-cremeseife-sensitive-500ml\/\" \/>\n<meta property=\"og:site_name\" content=\"BringFlix\" \/>\n<meta property=\"article:modified_time\" content=\"2025-03-06T18:29:15+00:00\" \/>\n<meta property=\"og:image\" content=\"https:\/\/fastcomet.samrinmotors.com\/wp-content\/uploads\/2025\/01\/363.png\" \/>\n\t<meta property=\"og:image:width\" content=\"600\" \/>\n\t<meta property=\"og:image:height\" content=\"600\" \/>\n\t<meta property=\"og:image:type\" content=\"image\/png\" \/>\n<meta name=\"twitter:card\" content=\"summary_large_image\" \/>\n<meta name=\"twitter:label1\" content=\"Est. reading time\" \/>\n\t<meta name=\"twitter:data1\" content=\"1 minute\" \/>\n<script type=\"application\/ld+json\" class=\"yoast-schema-graph\">{\"@context\":\"https:\/\/schema.org\",\"@graph\":[{\"@type\":\"WebPage\",\"@id\":\"https:\/\/fastcomet.samrinmotors.com\/Produkte\/balea-cremeseife-sensitive-500ml\/\",\"url\":\"https:\/\/fastcomet.samrinmotors.com\/Produkte\/balea-cremeseife-sensitive-500ml\/\",\"name\":\"Balea Cremeseife Sensitive 500ml - BringFlix\",\"isPartOf\":{\"@id\":\"https:\/\/fastcomet.samrinmotors.com\/#website\"},\"primaryImageOfPage\":{\"@id\":\"https:\/\/fastcomet.samrinmotors.com\/Produkte\/balea-cremeseife-sensitive-500ml\/#primaryimage\"},\"image\":{\"@id\":\"https:\/\/fastcomet.samrinmotors.com\/Produkte\/balea-cremeseife-sensitive-500ml\/#primaryimage\"},\"thumbnailUrl\":\"https:\/\/fastcomet.samrinmotors.com\/wp-content\/uploads\/2025\/01\/363.png\",\"datePublished\":\"2025-01-21T17:56:40+00:00\",\"dateModified\":\"2025-03-06T18:29:15+00:00\",\"breadcrumb\":{\"@id\":\"https:\/\/fastcomet.samrinmotors.com\/Produkte\/balea-cremeseife-sensitive-500ml\/#breadcrumb\"},\"inLanguage\":\"en-US\",\"potentialAction\":[{\"@type\":\"ReadAction\",\"target\":[\"https:\/\/fastcomet.samrinmotors.com\/Produkte\/balea-cremeseife-sensitive-500ml\/\"]}]},{\"@type\":\"ImageObject\",\"inLanguage\":\"en-US\",\"@id\":\"https:\/\/fastcomet.samrinmotors.com\/Produkte\/balea-cremeseife-sensitive-500ml\/#primaryimage\",\"url\":\"https:\/\/fastcomet.samrinmotors.com\/wp-content\/uploads\/2025\/01\/363.png\",\"contentUrl\":\"https:\/\/fastcomet.samrinmotors.com\/wp-content\/uploads\/2025\/01\/363.png\",\"width\":600,\"height\":600},{\"@type\":\"BreadcrumbList\",\"@id\":\"https:\/\/fastcomet.samrinmotors.com\/Produkte\/balea-cremeseife-sensitive-500ml\/#breadcrumb\",\"itemListElement\":[{\"@type\":\"ListItem\",\"position\":1,\"name\":\"Home\",\"item\":\"https:\/\/fastcomet.samrinmotors.com\/\"},{\"@type\":\"ListItem\",\"position\":2,\"name\":\"Shop\",\"item\":\"https:\/\/fastcomet.samrinmotors.com\/shop\/\"},{\"@type\":\"ListItem\",\"position\":3,\"name\":\"Balea Cremeseife Sensitive 500ml\"}]},{\"@type\":\"WebSite\",\"@id\":\"https:\/\/fastcomet.samrinmotors.com\/#website\",\"url\":\"https:\/\/fastcomet.samrinmotors.com\/\",\"name\":\"BringFlix\",\"description\":\"\",\"publisher\":{\"@id\":\"https:\/\/fastcomet.samrinmotors.com\/#organization\"},\"potentialAction\":[{\"@type\":\"SearchAction\",\"target\":{\"@type\":\"EntryPoint\",\"urlTemplate\":\"https:\/\/fastcomet.samrinmotors.com\/?s={search_term_string}\"},\"query-input\":{\"@type\":\"PropertyValueSpecification\",\"valueRequired\":true,\"valueName\":\"search_term_string\"}}],\"inLanguage\":\"en-US\"},{\"@type\":\"Organization\",\"@id\":\"https:\/\/fastcomet.samrinmotors.com\/#organization\",\"name\":\"BringFlix\",\"url\":\"https:\/\/fastcomet.samrinmotors.com\/\",\"logo\":{\"@type\":\"ImageObject\",\"inLanguage\":\"en-US\",\"@id\":\"https:\/\/fastcomet.samrinmotors.com\/#\/schema\/logo\/image\/\",\"url\":\"https:\/\/fastcomet.samrinmotors.com\/wp-content\/uploads\/2024\/11\/logo-bring-flix.png\",\"contentUrl\":\"https:\/\/fastcomet.samrinmotors.com\/wp-content\/uploads\/2024\/11\/logo-bring-flix.png\",\"width\":858,\"height\":316,\"caption\":\"BringFlix\"},\"image\":{\"@id\":\"https:\/\/fastcomet.samrinmotors.com\/#\/schema\/logo\/image\/\"}}]}<\/script>\n<!-- \/ Yoast SEO plugin. -->","yoast_head_json":{"title":"Balea Cremeseife Sensitive 500ml - BringFlix","robots":{"index":"index","follow":"follow","max-snippet":"max-snippet:-1","max-image-preview":"max-image-preview:large","max-video-preview":"max-video-preview:-1"},"canonical":"https:\/\/fastcomet.samrinmotors.com\/en\/Produkte\/balea-cremeseife-sensitive-500ml\/","og_locale":"en_US","og_type":"article","og_title":"Balea Cremeseife Sensitive 500ml - BringFlix","og_description":"Inhaltsstoffe: AQUA, ALOE BARBADENSIS LEAF JUICE, SODIUM LAURETH SULFATE, COCAMIDOPROPYL BETAINE, SODIUM CHLORIDE, SODIUM BENZOATE, GLYCERIN, CITRIC ACID, PARFUM, COCO-GLUCOSIDE, GLYCERYL OLEATE, GLYCOL DISTEARATE, SODIUM LACTATE, SODIUM HYDROXIDE, BETAINE, POTASSIUM SORBATE, TOCOPHEROL, HYDROGENATED VEGETABLE GLYCERIDES CITRATE, LECITHIN, ASCORBYL PALMITATE.  &nbsp;","og_url":"https:\/\/fastcomet.samrinmotors.com\/en\/Produkte\/balea-cremeseife-sensitive-500ml\/","og_site_name":"BringFlix","article_modified_time":"2025-03-06T18:29:15+00:00","og_image":[{"width":600,"height":600,"url":"https:\/\/fastcomet.samrinmotors.com\/wp-content\/uploads\/2025\/01\/363.png","type":"image\/png"}],"twitter_card":"summary_large_image","twitter_misc":{"Est. reading time":"1 minute"},"schema":{"@context":"https:\/\/schema.org","@graph":[{"@type":"WebPage","@id":"https:\/\/fastcomet.samrinmotors.com\/Produkte\/balea-cremeseife-sensitive-500ml\/","url":"https:\/\/fastcomet.samrinmotors.com\/Produkte\/balea-cremeseife-sensitive-500ml\/","name":"Balea Cremeseife Sensitive 500ml - BringFlix","isPartOf":{"@id":"https:\/\/fastcomet.samrinmotors.com\/#website"},"primaryImageOfPage":{"@id":"https:\/\/fastcomet.samrinmotors.com\/Produkte\/balea-cremeseife-sensitive-500ml\/#primaryimage"},"image":{"@id":"https:\/\/fastcomet.samrinmotors.com\/Produkte\/balea-cremeseife-sensitive-500ml\/#primaryimage"},"thumbnailUrl":"https:\/\/fastcomet.samrinmotors.com\/wp-content\/uploads\/2025\/01\/363.png","datePublished":"2025-01-21T17:56:40+00:00","dateModified":"2025-03-06T18:29:15+00:00","breadcrumb":{"@id":"https:\/\/fastcomet.samrinmotors.com\/Produkte\/balea-cremeseife-sensitive-500ml\/#breadcrumb"},"inLanguage":"en-US","potentialAction":[{"@type":"ReadAction","target":["https:\/\/fastcomet.samrinmotors.com\/Produkte\/balea-cremeseife-sensitive-500ml\/"]}]},{"@type":"ImageObject","inLanguage":"en-US","@id":"https:\/\/fastcomet.samrinmotors.com\/Produkte\/balea-cremeseife-sensitive-500ml\/#primaryimage","url":"https:\/\/fastcomet.samrinmotors.com\/wp-content\/uploads\/2025\/01\/363.png","contentUrl":"https:\/\/fastcomet.samrinmotors.com\/wp-content\/uploads\/2025\/01\/363.png","width":600,"height":600},{"@type":"BreadcrumbList","@id":"https:\/\/fastcomet.samrinmotors.com\/Produkte\/balea-cremeseife-sensitive-500ml\/#breadcrumb","itemListElement":[{"@type":"ListItem","position":1,"name":"Home","item":"https:\/\/fastcomet.samrinmotors.com\/"},{"@type":"ListItem","position":2,"name":"Shop","item":"https:\/\/fastcomet.samrinmotors.com\/shop\/"},{"@type":"ListItem","position":3,"name":"Balea Cremeseife Sensitive 500ml"}]},{"@type":"WebSite","@id":"https:\/\/fastcomet.samrinmotors.com\/#website","url":"https:\/\/fastcomet.samrinmotors.com\/","name":"BringFlix","description":"","publisher":{"@id":"https:\/\/fastcomet.samrinmotors.com\/#organization"},"potentialAction":[{"@type":"SearchAction","target":{"@type":"EntryPoint","urlTemplate":"https:\/\/fastcomet.samrinmotors.com\/?s={search_term_string}"},"query-input":{"@type":"PropertyValueSpecification","valueRequired":true,"valueName":"search_term_string"}}],"inLanguage":"en-US"},{"@type":"Organization","@id":"https:\/\/fastcomet.samrinmotors.com\/#organization","name":"BringFlix","url":"https:\/\/fastcomet.samrinmotors.com\/","logo":{"@type":"ImageObject","inLanguage":"en-US","@id":"https:\/\/fastcomet.samrinmotors.com\/#\/schema\/logo\/image\/","url":"https:\/\/fastcomet.samrinmotors.com\/wp-content\/uploads\/2024\/11\/logo-bring-flix.png","contentUrl":"https:\/\/fastcomet.samrinmotors.com\/wp-content\/uploads\/2024\/11\/logo-bring-flix.png","width":858,"height":316,"caption":"BringFlix"},"image":{"@id":"https:\/\/fastcomet.samrinmotors.com\/#\/schema\/logo\/image\/"}}]}},"_links":{"self":[{"href":"https:\/\/fastcomet.samrinmotors.com\/en\/wp-json\/wp\/v2\/product\/4858","targetHints":{"allow":["GET"]}}],"collection":[{"href":"https:\/\/fastcomet.samrinmotors.com\/en\/wp-json\/wp\/v2\/product"}],"about":[{"href":"https:\/\/fastcomet.samrinmotors.com\/en\/wp-json\/wp\/v2\/types\/product"}],"replies":[{"embeddable":true,"href":"https:\/\/fastcomet.samrinmotors.com\/en\/wp-json\/wp\/v2\/comments?post=4858"}],"wp:featuredmedia":[{"embeddable":true,"href":"https:\/\/fastcomet.samrinmotors.com\/en\/wp-json\/wp\/v2\/media\/5014"}],"wp:attachment":[{"href":"https:\/\/fastcomet.samrinmotors.com\/en\/wp-json\/wp\/v2\/media?parent=4858"}],"wp:term":[{"taxonomy":"product_brand","embeddable":true,"href":"https:\/\/fastcomet.samrinmotors.com\/en\/wp-json\/wp\/v2\/product_brand?post=4858"},{"taxonomy":"product_cat","embeddable":true,"href":"https:\/\/fastcomet.samrinmotors.com\/en\/wp-json\/wp\/v2\/product_cat?post=4858"},{"taxonomy":"product_tag","embeddable":true,"href":"https:\/\/fastcomet.samrinmotors.com\/en\/wp-json\/wp\/v2\/product_tag?post=4858"}],"curies":[{"name":"wp","href":"https:\/\/api.w.org\/{rel}","templated":true}]}}